{"id":553,"date":"2023-01-31T10:20:59","date_gmt":"2023-01-31T09:20:59","guid":{"rendered":"https:\/\/camille-aspe.fr\/Imane\/?page_id=553"},"modified":"2023-01-31T12:01:13","modified_gmt":"2023-01-31T11:01:13","slug":"faq-2","status":"publish","type":"page","link":"https:\/\/camille-aspe.fr\/Imane\/faq-2\/","title":{"rendered":"FAQ"},"content":{"rendered":"\t\t<div data-elementor-type=\"wp-page\" data-elementor-id=\"553\" class=\"elementor elementor-553\">\n\t\t\t\t\t\t<section class=\"elementor-section elementor-top-section elementor-element elementor-element-5515ad2 elementor-section-boxed elementor-section-height-default elementor-section-height-default\" data-id=\"5515ad2\" data-element_type=\"section\" data-e-type=\"section\">\n\t\t\t\t\t\t<div class=\"elementor-container elementor-column-gap-default\">\n\t\t\t\t\t<div class=\"elementor-column elementor-col-100 elementor-top-column elementor-element elementor-element-2439dd1\" data-id=\"2439dd1\" data-element_type=\"column\" data-e-type=\"column\">\n\t\t\t<div class=\"elementor-widget-wrap elementor-element-populated\">\n\t\t\t\t\t\t<div class=\"elementor-element elementor-element-5b5b66b elementor-widget elementor-widget-spacer\" data-id=\"5b5b66b\" data-element_type=\"widget\" data-e-type=\"widget\" data-widget_type=\"spacer.default\">\n\t\t\t\t<div class=\"elementor-widget-container\">\n\t\t\t\t\t\t\t<div class=\"elementor-spacer\">\n\t\t\t<div class=\"elementor-spacer-inner\"><\/div>\n\t\t<\/div>\n\t\t\t\t\t\t<\/div>\n\t\t\t\t<\/div>\n\t\t\t\t\t<\/div>\n\t\t<\/div>\n\t\t\t\t\t<\/div>\n\t\t<\/section>\n\t\t\t\t<section class=\"elementor-section elementor-top-section elementor-element elementor-element-7f020cf elementor-section-boxed elementor-section-height-default elementor-section-height-default\" data-id=\"7f020cf\" data-element_type=\"section\" data-e-type=\"section\">\n\t\t\t\t\t\t<div class=\"elementor-container elementor-column-gap-default\">\n\t\t\t\t\t<div class=\"elementor-column elementor-col-33 elementor-top-column elementor-element elementor-element-dda8f89\" data-id=\"dda8f89\" data-element_type=\"column\" data-e-type=\"column\">\n\t\t\t<div class=\"elementor-widget-wrap elementor-element-populated\">\n\t\t\t\t\t\t<div class=\"elementor-element elementor-element-81ca1c3 elementor-invisible elementor-widget elementor-widget-image\" data-id=\"81ca1c3\" data-element_type=\"widget\" data-e-type=\"widget\" data-settings=\"{&quot;_animation&quot;:&quot;zoomIn&quot;}\" data-widget_type=\"image.default\">\n\t\t\t\t<div class=\"elementor-widget-container\">\n\t\t\t\t\t\t\t\t\t\t\t\t\t\t\t<img fetchpriority=\"high\" decoding=\"async\" width=\"388\" height=\"331\" src=\"https:\/\/camille-aspe.fr\/Imane\/wp-content\/uploads\/2022\/12\/FAQ-icon.png\" class=\"attachment-large size-large wp-image-413\" alt=\"\" srcset=\"https:\/\/camille-aspe.fr\/Imane\/wp-content\/uploads\/2022\/12\/FAQ-icon.png 388w, https:\/\/camille-aspe.fr\/Imane\/wp-content\/uploads\/2022\/12\/FAQ-icon-300x256.png 300w\" sizes=\"(max-width: 388px) 100vw, 388px\" \/>\t\t\t\t\t\t\t\t\t\t\t\t\t\t\t<\/div>\n\t\t\t\t<\/div>\n\t\t\t\t\t<\/div>\n\t\t<\/div>\n\t\t\t\t<div class=\"elementor-column elementor-col-33 elementor-top-column elementor-element elementor-element-6c2f4cb\" data-id=\"6c2f4cb\" data-element_type=\"column\" data-e-type=\"column\">\n\t\t\t<div class=\"elementor-widget-wrap elementor-element-populated\">\n\t\t\t\t\t\t<div class=\"elementor-element elementor-element-3e561e4 elementor-invisible elementor-widget elementor-widget-heading\" data-id=\"3e561e4\" data-element_type=\"widget\" data-e-type=\"widget\" data-settings=\"{&quot;_animation&quot;:&quot;zoomIn&quot;}\" data-widget_type=\"heading.default\">\n\t\t\t\t<div class=\"elementor-widget-container\">\n\t\t\t\t\t<h2 class=\"elementor-heading-title elementor-size-default\">FAQ<\/h2>\t\t\t\t<\/div>\n\t\t\t\t<\/div>\n\t\t\t\t\t<\/div>\n\t\t<\/div>\n\t\t\t\t<div class=\"elementor-column elementor-col-33 elementor-top-column elementor-element elementor-element-857ca4d\" data-id=\"857ca4d\" data-element_type=\"column\" data-e-type=\"column\">\n\t\t\t<div class=\"elementor-widget-wrap elementor-element-populated\">\n\t\t\t\t\t\t<div class=\"elementor-element elementor-element-3e52398 elementor-invisible elementor-widget elementor-widget-toggle\" data-id=\"3e52398\" data-element_type=\"widget\" data-e-type=\"widget\" data-settings=\"{&quot;motion_fx_motion_fx_scrolling&quot;:&quot;yes&quot;,&quot;_animation&quot;:&quot;fadeInDown&quot;,&quot;motion_fx_devices&quot;:[&quot;desktop&quot;,&quot;tablet&quot;,&quot;mobile&quot;]}\" data-widget_type=\"toggle.default\">\n\t\t\t\t<div class=\"elementor-widget-container\">\n\t\t\t\t\t\t\t<div class=\"elementor-toggle\">\n\t\t\t\t\t\t\t<div class=\"elementor-toggle-item\">\n\t\t\t\t\t<div id=\"elementor-tab-title-6531\" class=\"elementor-tab-title\" data-tab=\"1\" role=\"button\" aria-controls=\"elementor-tab-content-6531\" aria-expanded=\"false\">\n\t\t\t\t\t\t\t\t\t\t\t\t<span class=\"elementor-toggle-icon elementor-toggle-icon-left\" aria-hidden=\"true\">\n\t\t\t\t\t\t\t\t\t\t\t\t\t\t\t<span class=\"elementor-toggle-icon-closed\"><i class=\"fas fa-angle-down\"><\/i><\/span>\n\t\t\t\t\t\t\t\t<span class=\"elementor-toggle-icon-opened\"><i class=\"elementor-toggle-icon-opened fas fa-angle-up\"><\/i><\/span>\n\t\t\t\t\t\t\t\t\t\t\t\t\t<\/span>\n\t\t\t\t\t\t\t\t\t\t\t\t<a class=\"elementor-toggle-title\" tabindex=\"0\">Combien de temps prendre la livraison ?<\/a>\n\t\t\t\t\t<\/div>\n\n\t\t\t\t\t<div id=\"elementor-tab-content-6531\" class=\"elementor-tab-content elementor-clearfix\" data-tab=\"1\" role=\"region\" aria-labelledby=\"elementor-tab-title-6531\"><p>Au niveau national, dans la France entre 3 et 5 jours, et international c&rsquo;est entre 10 et 15 jours.<\/p><\/div>\n\t\t\t\t<\/div>\n\t\t\t\t\t\t\t\t<\/div>\n\t\t\t\t\t\t<\/div>\n\t\t\t\t<\/div>\n\t\t\t\t<div class=\"elementor-element elementor-element-ccde348 elementor-invisible elementor-widget elementor-widget-toggle\" data-id=\"ccde348\" data-element_type=\"widget\" data-e-type=\"widget\" data-settings=\"{&quot;_animation&quot;:&quot;fadeInDown&quot;}\" data-widget_type=\"toggle.default\">\n\t\t\t\t<div class=\"elementor-widget-container\">\n\t\t\t\t\t\t\t<div class=\"elementor-toggle\">\n\t\t\t\t\t\t\t<div class=\"elementor-toggle-item\">\n\t\t\t\t\t<div id=\"elementor-tab-title-2141\" class=\"elementor-tab-title\" data-tab=\"1\" role=\"button\" aria-controls=\"elementor-tab-content-2141\" aria-expanded=\"false\">\n\t\t\t\t\t\t\t\t\t\t\t\t<span class=\"elementor-toggle-icon elementor-toggle-icon-left\" aria-hidden=\"true\">\n\t\t\t\t\t\t\t\t\t\t\t\t\t\t\t<span class=\"elementor-toggle-icon-closed\"><i class=\"fas fa-angle-down\"><\/i><\/span>\n\t\t\t\t\t\t\t\t<span class=\"elementor-toggle-icon-opened\"><i class=\"elementor-toggle-icon-opened fas fa-angle-up\"><\/i><\/span>\n\t\t\t\t\t\t\t\t\t\t\t\t\t<\/span>\n\t\t\t\t\t\t\t\t\t\t\t\t<a class=\"elementor-toggle-title\" tabindex=\"0\">Comment je cr\u00e9e mon propre model ?<\/a>\n\t\t\t\t\t<\/div>\n\n\t\t\t\t\t<div id=\"elementor-tab-content-2141\" class=\"elementor-tab-content elementor-clearfix\" data-tab=\"1\" role=\"region\" aria-labelledby=\"elementor-tab-title-2141\"><p>Suivez les \u00e9tapes suivantes: Clique<\/p><\/div>\n\t\t\t\t<\/div>\n\t\t\t\t\t\t\t\t<\/div>\n\t\t\t\t\t\t<\/div>\n\t\t\t\t<\/div>\n\t\t\t\t<div class=\"elementor-element elementor-element-66bd48a elementor-invisible elementor-widget elementor-widget-toggle\" data-id=\"66bd48a\" data-element_type=\"widget\" data-e-type=\"widget\" data-settings=\"{&quot;_animation&quot;:&quot;fadeInDown&quot;}\" data-widget_type=\"toggle.default\">\n\t\t\t\t<div class=\"elementor-widget-container\">\n\t\t\t\t\t\t\t<div class=\"elementor-toggle\">\n\t\t\t\t\t\t\t<div class=\"elementor-toggle-item\">\n\t\t\t\t\t<div id=\"elementor-tab-title-1071\" class=\"elementor-tab-title\" data-tab=\"1\" role=\"button\" aria-controls=\"elementor-tab-content-1071\" aria-expanded=\"false\">\n\t\t\t\t\t\t\t\t\t\t\t\t<span class=\"elementor-toggle-icon elementor-toggle-icon-left\" aria-hidden=\"true\">\n\t\t\t\t\t\t\t\t\t\t\t\t\t\t\t<span class=\"elementor-toggle-icon-closed\"><i class=\"fas fa-angle-down\"><\/i><\/span>\n\t\t\t\t\t\t\t\t<span class=\"elementor-toggle-icon-opened\"><i class=\"elementor-toggle-icon-opened fas fa-angle-up\"><\/i><\/span>\n\t\t\t\t\t\t\t\t\t\t\t\t\t<\/span>\n\t\t\t\t\t\t\t\t\t\t\t\t<a class=\"elementor-toggle-title\" tabindex=\"0\">Il cout combien pour cr\u00e9e mon propre model ?<\/a>\n\t\t\t\t\t<\/div>\n\n\t\t\t\t\t<div id=\"elementor-tab-content-1071\" class=\"elementor-tab-content elementor-clearfix\" data-tab=\"1\" role=\"region\" aria-labelledby=\"elementor-tab-title-1071\"><p>Selon la qualit\u00e9 du tissu, les d\u00e9tails de votre model, et le temps qu&rsquo;il faut aussi.<\/p><\/div>\n\t\t\t\t<\/div>\n\t\t\t\t\t\t\t\t<\/div>\n\t\t\t\t\t\t<\/div>\n\t\t\t\t<\/div>\n\t\t\t\t<div class=\"elementor-element elementor-element-446fa84 elementor-invisible elementor-widget elementor-widget-toggle\" data-id=\"446fa84\" data-element_type=\"widget\" data-e-type=\"widget\" data-settings=\"{&quot;_animation&quot;:&quot;fadeInDown&quot;}\" data-widget_type=\"toggle.default\">\n\t\t\t\t<div class=\"elementor-widget-container\">\n\t\t\t\t\t\t\t<div class=\"elementor-toggle\">\n\t\t\t\t\t\t\t<div class=\"elementor-toggle-item\">\n\t\t\t\t\t<div id=\"elementor-tab-title-7171\" class=\"elementor-tab-title\" data-tab=\"1\" role=\"button\" aria-controls=\"elementor-tab-content-7171\" aria-expanded=\"false\">\n\t\t\t\t\t\t\t\t\t\t\t\t<span class=\"elementor-toggle-icon elementor-toggle-icon-left\" aria-hidden=\"true\">\n\t\t\t\t\t\t\t\t\t\t\t\t\t\t\t<span class=\"elementor-toggle-icon-closed\"><i class=\"fas fa-angle-down\"><\/i><\/span>\n\t\t\t\t\t\t\t\t<span class=\"elementor-toggle-icon-opened\"><i class=\"elementor-toggle-icon-opened fas fa-angle-up\"><\/i><\/span>\n\t\t\t\t\t\t\t\t\t\t\t\t\t<\/span>\n\t\t\t\t\t\t\t\t\t\t\t\t<a class=\"elementor-toggle-title\" tabindex=\"0\">...<\/a>\n\t\t\t\t\t<\/div>\n\n\t\t\t\t\t<div id=\"elementor-tab-content-7171\" class=\"elementor-tab-content elementor-clearfix\" data-tab=\"1\" role=\"region\" aria-labelledby=\"elementor-tab-title-7171\"><p>Contactez nous<\/p><\/div>\n\t\t\t\t<\/div>\n\t\t\t\t\t\t\t\t<\/div>\n\t\t\t\t\t\t<\/div>\n\t\t\t\t<\/div>\n\t\t\t\t\t<\/div>\n\t\t<\/div>\n\t\t\t\t\t<\/div>\n\t\t<\/section>\n\t\t\t\t<section class=\"elementor-section elementor-top-section elementor-element elementor-element-306d2cd elementor-section-boxed elementor-section-height-default elementor-section-height-default\" data-id=\"306d2cd\" data-element_type=\"section\" data-e-type=\"section\">\n\t\t\t\t\t\t<div class=\"elementor-container elementor-column-gap-default\">\n\t\t\t\t\t<div class=\"elementor-column elementor-col-100 elementor-top-column elementor-element elementor-element-662a910\" data-id=\"662a910\" data-element_type=\"column\" data-e-type=\"column\">\n\t\t\t<div class=\"elementor-widget-wrap elementor-element-populated\">\n\t\t\t\t\t\t<div class=\"elementor-element elementor-element-362a0e4 elementor-widget elementor-widget-spacer\" data-id=\"362a0e4\" data-element_type=\"widget\" data-e-type=\"widget\" data-widget_type=\"spacer.default\">\n\t\t\t\t<div class=\"elementor-widget-container\">\n\t\t\t\t\t\t\t<div class=\"elementor-spacer\">\n\t\t\t<div class=\"elementor-spacer-inner\"><\/div>\n\t\t<\/div>\n\t\t\t\t\t\t<\/div>\n\t\t\t\t<\/div>\n\t\t\t\t\t<\/div>\n\t\t<\/div>\n\t\t\t\t\t<\/div>\n\t\t<\/section>\n\t\t\t\t<section class=\"elementor-section elementor-top-section elementor-element elementor-element-ff285a7 elementor-section-boxed elementor-section-height-default elementor-section-height-default\" data-id=\"ff285a7\" data-element_type=\"section\" data-e-type=\"section\">\n\t\t\t\t\t\t<div class=\"elementor-container elementor-column-gap-default\">\n\t\t\t\t\t<div class=\"elementor-column elementor-col-100 elementor-top-column elementor-element elementor-element-f7202a1\" data-id=\"f7202a1\" data-element_type=\"column\" data-e-type=\"column\">\n\t\t\t<div class=\"elementor-widget-wrap elementor-element-populated\">\n\t\t\t\t\t\t<div class=\"elementor-element elementor-element-63972d4 elementor-widget elementor-widget-spacer\" data-id=\"63972d4\" data-element_type=\"widget\" data-e-type=\"widget\" data-widget_type=\"spacer.default\">\n\t\t\t\t<div class=\"elementor-widget-container\">\n\t\t\t\t\t\t\t<div class=\"elementor-spacer\">\n\t\t\t<div class=\"elementor-spacer-inner\"><\/div>\n\t\t<\/div>\n\t\t\t\t\t\t<\/div>\n\t\t\t\t<\/div>\n\t\t\t\t\t<\/div>\n\t\t<\/div>\n\t\t\t\t\t<\/div>\n\t\t<\/section>\n\t\t\t\t<\/div>\n\t\t","protected":false},"excerpt":{"rendered":"<p>FAQ Combien de temps prendre la livraison ? Au niveau national, dans la France entre 3 et 5 jours, et international c&rsquo;est entre 10 et 15 jours. Comment je cr\u00e9e mon propre model ? Suivez les \u00e9tapes suivantes: Clique Il cout combien pour cr\u00e9e mon propre model ? Selon la qualit\u00e9 du tissu, les d\u00e9tails [&hellip;]<\/p>\n","protected":false},"author":1,"featured_media":0,"parent":0,"menu_order":0,"comment_status":"closed","ping_status":"closed","template":"elementor_header_footer","meta":{"footnotes":""},"class_list":["post-553","page","type-page","status-publish","hentry"],"yoast_head":"<!-- This site is optimized with the Yoast SEO plugin v27.3 - https:\/\/yoast.com\/product\/yoast-seo-wordpress\/ -->\n<title>FAQ - ia dress<\/title>\n<meta name=\"robots\" content=\"index, follow, max-snippet:-1, max-image-preview:large, max-video-preview:-1\" \/>\n<link rel=\"canonical\" href=\"https:\/\/camille-aspe.fr\/Imane\/faq-2\/\" \/>\n<meta property=\"og:locale\" content=\"fr_FR\" \/>\n<meta property=\"og:type\" content=\"article\" \/>\n<meta property=\"og:title\" content=\"FAQ - ia dress\" \/>\n<meta property=\"og:description\" content=\"FAQ Combien de temps prendre la livraison ? Au niveau national, dans la France entre 3 et 5 jours, et international c&rsquo;est entre 10 et 15 jours. Comment je cr\u00e9e mon propre model ? Suivez les \u00e9tapes suivantes: Clique Il cout combien pour cr\u00e9e mon propre model ? Selon la qualit\u00e9 du tissu, les d\u00e9tails [&hellip;]\" \/>\n<meta property=\"og:url\" content=\"https:\/\/camille-aspe.fr\/Imane\/faq-2\/\" \/>\n<meta property=\"og:site_name\" content=\"ia dress\" \/>\n<meta property=\"article:modified_time\" content=\"2023-01-31T11:01:13+00:00\" \/>\n<meta property=\"og:image\" content=\"http:\/\/camille-aspe.fr\/Imane\/wp-content\/uploads\/2022\/12\/FAQ-icon.png\" \/>\n<meta name=\"twitter:card\" content=\"summary_large_image\" \/>\n<meta name=\"twitter:label1\" content=\"Dur\u00e9e de lecture estim\u00e9e\" \/>\n\t<meta name=\"twitter:data1\" content=\"1 minute\" \/>\n<script type=\"application\/ld+json\" class=\"yoast-schema-graph\">{\"@context\":\"https:\\\/\\\/schema.org\",\"@graph\":[{\"@type\":\"WebPage\",\"@id\":\"https:\\\/\\\/camille-aspe.fr\\\/Imane\\\/faq-2\\\/\",\"url\":\"https:\\\/\\\/camille-aspe.fr\\\/Imane\\\/faq-2\\\/\",\"name\":\"FAQ - ia dress\",\"isPartOf\":{\"@id\":\"https:\\\/\\\/camille-aspe.fr\\\/Imane\\\/#website\"},\"primaryImageOfPage\":{\"@id\":\"https:\\\/\\\/camille-aspe.fr\\\/Imane\\\/faq-2\\\/#primaryimage\"},\"image\":{\"@id\":\"https:\\\/\\\/camille-aspe.fr\\\/Imane\\\/faq-2\\\/#primaryimage\"},\"thumbnailUrl\":\"http:\\\/\\\/camille-aspe.fr\\\/Imane\\\/wp-content\\\/uploads\\\/2022\\\/12\\\/FAQ-icon.png\",\"datePublished\":\"2023-01-31T09:20:59+00:00\",\"dateModified\":\"2023-01-31T11:01:13+00:00\",\"breadcrumb\":{\"@id\":\"https:\\\/\\\/camille-aspe.fr\\\/Imane\\\/faq-2\\\/#breadcrumb\"},\"inLanguage\":\"fr-FR\",\"potentialAction\":[{\"@type\":\"ReadAction\",\"target\":[\"https:\\\/\\\/camille-aspe.fr\\\/Imane\\\/faq-2\\\/\"]}]},{\"@type\":\"ImageObject\",\"inLanguage\":\"fr-FR\",\"@id\":\"https:\\\/\\\/camille-aspe.fr\\\/Imane\\\/faq-2\\\/#primaryimage\",\"url\":\"http:\\\/\\\/camille-aspe.fr\\\/Imane\\\/wp-content\\\/uploads\\\/2022\\\/12\\\/FAQ-icon.png\",\"contentUrl\":\"http:\\\/\\\/camille-aspe.fr\\\/Imane\\\/wp-content\\\/uploads\\\/2022\\\/12\\\/FAQ-icon.png\"},{\"@type\":\"BreadcrumbList\",\"@id\":\"https:\\\/\\\/camille-aspe.fr\\\/Imane\\\/faq-2\\\/#breadcrumb\",\"itemListElement\":[{\"@type\":\"ListItem\",\"position\":1,\"name\":\"Accueil\",\"item\":\"https:\\\/\\\/camille-aspe.fr\\\/Imane\\\/\"},{\"@type\":\"ListItem\",\"position\":2,\"name\":\"FAQ\"}]},{\"@type\":\"WebSite\",\"@id\":\"https:\\\/\\\/camille-aspe.fr\\\/Imane\\\/#website\",\"url\":\"https:\\\/\\\/camille-aspe.fr\\\/Imane\\\/\",\"name\":\"ia dress\",\"description\":\"feminine unique dress\",\"potentialAction\":[{\"@type\":\"SearchAction\",\"target\":{\"@type\":\"EntryPoint\",\"urlTemplate\":\"https:\\\/\\\/camille-aspe.fr\\\/Imane\\\/?s={search_term_string}\"},\"query-input\":{\"@type\":\"PropertyValueSpecification\",\"valueRequired\":true,\"valueName\":\"search_term_string\"}}],\"inLanguage\":\"fr-FR\"}]}<\/script>\n<!-- \/ Yoast SEO plugin. -->","yoast_head_json":{"title":"FAQ - ia dress","robots":{"index":"index","follow":"follow","max-snippet":"max-snippet:-1","max-image-preview":"max-image-preview:large","max-video-preview":"max-video-preview:-1"},"canonical":"https:\/\/camille-aspe.fr\/Imane\/faq-2\/","og_locale":"fr_FR","og_type":"article","og_title":"FAQ - ia dress","og_description":"FAQ Combien de temps prendre la livraison ? Au niveau national, dans la France entre 3 et 5 jours, et international c&rsquo;est entre 10 et 15 jours. Comment je cr\u00e9e mon propre model ? Suivez les \u00e9tapes suivantes: Clique Il cout combien pour cr\u00e9e mon propre model ? Selon la qualit\u00e9 du tissu, les d\u00e9tails [&hellip;]","og_url":"https:\/\/camille-aspe.fr\/Imane\/faq-2\/","og_site_name":"ia dress","article_modified_time":"2023-01-31T11:01:13+00:00","og_image":[{"url":"http:\/\/camille-aspe.fr\/Imane\/wp-content\/uploads\/2022\/12\/FAQ-icon.png","type":"","width":"","height":""}],"twitter_card":"summary_large_image","twitter_misc":{"Dur\u00e9e de lecture estim\u00e9e":"1 minute"},"schema":{"@context":"https:\/\/schema.org","@graph":[{"@type":"WebPage","@id":"https:\/\/camille-aspe.fr\/Imane\/faq-2\/","url":"https:\/\/camille-aspe.fr\/Imane\/faq-2\/","name":"FAQ - ia dress","isPartOf":{"@id":"https:\/\/camille-aspe.fr\/Imane\/#website"},"primaryImageOfPage":{"@id":"https:\/\/camille-aspe.fr\/Imane\/faq-2\/#primaryimage"},"image":{"@id":"https:\/\/camille-aspe.fr\/Imane\/faq-2\/#primaryimage"},"thumbnailUrl":"http:\/\/camille-aspe.fr\/Imane\/wp-content\/uploads\/2022\/12\/FAQ-icon.png","datePublished":"2023-01-31T09:20:59+00:00","dateModified":"2023-01-31T11:01:13+00:00","breadcrumb":{"@id":"https:\/\/camille-aspe.fr\/Imane\/faq-2\/#breadcrumb"},"inLanguage":"fr-FR","potentialAction":[{"@type":"ReadAction","target":["https:\/\/camille-aspe.fr\/Imane\/faq-2\/"]}]},{"@type":"ImageObject","inLanguage":"fr-FR","@id":"https:\/\/camille-aspe.fr\/Imane\/faq-2\/#primaryimage","url":"http:\/\/camille-aspe.fr\/Imane\/wp-content\/uploads\/2022\/12\/FAQ-icon.png","contentUrl":"http:\/\/camille-aspe.fr\/Imane\/wp-content\/uploads\/2022\/12\/FAQ-icon.png"},{"@type":"BreadcrumbList","@id":"https:\/\/camille-aspe.fr\/Imane\/faq-2\/#breadcrumb","itemListElement":[{"@type":"ListItem","position":1,"name":"Accueil","item":"https:\/\/camille-aspe.fr\/Imane\/"},{"@type":"ListItem","position":2,"name":"FAQ"}]},{"@type":"WebSite","@id":"https:\/\/camille-aspe.fr\/Imane\/#website","url":"https:\/\/camille-aspe.fr\/Imane\/","name":"ia dress","description":"feminine unique dress","potentialAction":[{"@type":"SearchAction","target":{"@type":"EntryPoint","urlTemplate":"https:\/\/camille-aspe.fr\/Imane\/?s={search_term_string}"},"query-input":{"@type":"PropertyValueSpecification","valueRequired":true,"valueName":"search_term_string"}}],"inLanguage":"fr-FR"}]}},"_links":{"self":[{"href":"https:\/\/camille-aspe.fr\/Imane\/wp-json\/wp\/v2\/pages\/553","targetHints":{"allow":["GET"]}}],"collection":[{"href":"https:\/\/camille-aspe.fr\/Imane\/wp-json\/wp\/v2\/pages"}],"about":[{"href":"https:\/\/camille-aspe.fr\/Imane\/wp-json\/wp\/v2\/types\/page"}],"author":[{"embeddable":true,"href":"https:\/\/camille-aspe.fr\/Imane\/wp-json\/wp\/v2\/users\/1"}],"replies":[{"embeddable":true,"href":"https:\/\/camille-aspe.fr\/Imane\/wp-json\/wp\/v2\/comments?post=553"}],"version-history":[{"count":49,"href":"https:\/\/camille-aspe.fr\/Imane\/wp-json\/wp\/v2\/pages\/553\/revisions"}],"predecessor-version":[{"id":814,"href":"https:\/\/camille-aspe.fr\/Imane\/wp-json\/wp\/v2\/pages\/553\/revisions\/814"}],"wp:attachment":[{"href":"https:\/\/camille-aspe.fr\/Imane\/wp-json\/wp\/v2\/media?parent=553"}],"curies":[{"name":"wp","href":"https:\/\/api.w.org\/{rel}","templated":true}]}}