{"id":8,"date":"2022-11-21T15:10:33","date_gmt":"2022-11-21T14:10:33","guid":{"rendered":"http:\/\/camille-aspe.fr\/Imane\/?page_id=8"},"modified":"2023-03-10T09:33:32","modified_gmt":"2023-03-10T08:33:32","slug":"elementor-8","status":"publish","type":"page","link":"https:\/\/camille-aspe.fr\/Imane\/","title":{"rendered":"Accueil"},"content":{"rendered":"\t\t<div data-elementor-type=\"wp-post\" data-elementor-id=\"8\" class=\"elementor elementor-8\">\n\t\t\t\t\t\t<section class=\"elementor-section elementor-top-section elementor-element elementor-element-36d1f01 elementor-section-height-full elementor-section-items-bottom elementor-section-boxed elementor-section-height-default\" data-id=\"36d1f01\" data-element_type=\"section\" data-e-type=\"section\" data-settings=\"{&quot;background_background&quot;:&quot;video&quot;,&quot;background_video_link&quot;:&quot;https:\\\/\\\/www.youtube.com\\\/watch?v=RiI6HuKLt9w&amp;t=2s&quot;}\">\n\t\t\t\t\t\t\t\t<div class=\"elementor-background-video-container elementor-hidden-mobile\">\n\t\t\t\t\t\t\t\t\t\t\t\t\t<div class=\"elementor-background-video-embed\" role=\"presentation\"><\/div>\n\t\t\t\t\t\t\t\t\t\t\t\t<\/div>\n\t\t\t\t\t\t\t\t<div class=\"elementor-container elementor-column-gap-default\">\n\t\t\t\t\t<div class=\"elementor-column elementor-col-100 elementor-top-column elementor-element elementor-element-10d8c41\" data-id=\"10d8c41\" data-element_type=\"column\" data-e-type=\"column\">\n\t\t\t<div class=\"elementor-widget-wrap\">\n\t\t\t\t\t\t\t<\/div>\n\t\t<\/div>\n\t\t\t\t\t<\/div>\n\t\t<\/section>\n\t\t\t\t<section class=\"elementor-section elementor-top-section elementor-element elementor-element-639712e elementor-section-boxed elementor-section-height-default elementor-section-height-default\" data-id=\"639712e\" data-element_type=\"section\" data-e-type=\"section\">\n\t\t\t\t\t\t<div class=\"elementor-container elementor-column-gap-default\">\n\t\t\t\t\t<div class=\"elementor-column elementor-col-100 elementor-top-column elementor-element elementor-element-51a870a\" data-id=\"51a870a\" data-element_type=\"column\" data-e-type=\"column\">\n\t\t\t<div class=\"elementor-widget-wrap elementor-element-populated\">\n\t\t\t\t\t\t<div class=\"elementor-element elementor-element-1e3e6cb elementor-widget elementor-widget-spacer\" data-id=\"1e3e6cb\" data-element_type=\"widget\" data-e-type=\"widget\" data-widget_type=\"spacer.default\">\n\t\t\t\t<div class=\"elementor-widget-container\">\n\t\t\t\t\t\t\t<div class=\"elementor-spacer\">\n\t\t\t<div class=\"elementor-spacer-inner\"><\/div>\n\t\t<\/div>\n\t\t\t\t\t\t<\/div>\n\t\t\t\t<\/div>\n\t\t\t\t\t<\/div>\n\t\t<\/div>\n\t\t\t\t\t<\/div>\n\t\t<\/section>\n\t\t\t\t<section class=\"elementor-section elementor-top-section elementor-element elementor-element-64d7859 elementor-section-boxed elementor-section-height-default elementor-section-height-default\" data-id=\"64d7859\" data-element_type=\"section\" data-e-type=\"section\">\n\t\t\t\t\t\t<div class=\"elementor-container elementor-column-gap-default\">\n\t\t\t\t\t<div class=\"elementor-column elementor-col-100 elementor-top-column elementor-element elementor-element-a7e5f8a\" data-id=\"a7e5f8a\" data-element_type=\"column\" data-e-type=\"column\">\n\t\t\t<div class=\"elementor-widget-wrap elementor-element-populated\">\n\t\t\t\t\t\t<div class=\"elementor-element elementor-element-aa2d248 elementor-widget elementor-widget-spacer\" data-id=\"aa2d248\" data-element_type=\"widget\" data-e-type=\"widget\" data-widget_type=\"spacer.default\">\n\t\t\t\t<div class=\"elementor-widget-container\">\n\t\t\t\t\t\t\t<div class=\"elementor-spacer\">\n\t\t\t<div class=\"elementor-spacer-inner\"><\/div>\n\t\t<\/div>\n\t\t\t\t\t\t<\/div>\n\t\t\t\t<\/div>\n\t\t\t\t\t<\/div>\n\t\t<\/div>\n\t\t\t\t\t<\/div>\n\t\t<\/section>\n\t\t\t\t<section class=\"elementor-section elementor-top-section elementor-element elementor-element-faacfd0 elementor-section-boxed elementor-section-height-default elementor-section-height-default\" data-id=\"faacfd0\" data-element_type=\"section\" data-e-type=\"section\">\n\t\t\t\t\t\t<div class=\"elementor-container elementor-column-gap-default\">\n\t\t\t\t\t<div class=\"elementor-column elementor-col-50 elementor-top-column elementor-element elementor-element-860210b\" data-id=\"860210b\" data-element_type=\"column\" data-e-type=\"column\">\n\t\t\t<div class=\"elementor-widget-wrap elementor-element-populated\">\n\t\t\t\t\t\t<div class=\"elementor-element elementor-element-f2a1589 elementor-widget elementor-widget-image\" data-id=\"f2a1589\" data-element_type=\"widget\" data-e-type=\"widget\" data-widget_type=\"image.default\">\n\t\t\t\t<div class=\"elementor-widget-container\">\n\t\t\t\t\t\t\t\t\t\t\t\t\t\t\t\t<a href=\"https:\/\/camille-aspe.fr\/Imane\/robe-de-mariee\/\">\n\t\t\t\t\t\t\t<img decoding=\"async\" src=\"https:\/\/camille-aspe.fr\/Imane\/wp-content\/uploads\/2022\/11\/filipp-romanovski-8k1xDc3Or4Q-unsplash.jpg\" class=\"attachment-full size-full wp-image-82\" alt=\"\" \/>\t\t\t\t\t\t\t\t<\/a>\n\t\t\t\t\t\t\t\t\t\t\t\t\t\t\t<\/div>\n\t\t\t\t<\/div>\n\t\t\t\t\t<\/div>\n\t\t<\/div>\n\t\t\t\t<div class=\"elementor-column elementor-col-50 elementor-top-column elementor-element elementor-element-d57d844\" data-id=\"d57d844\" data-element_type=\"column\" data-e-type=\"column\">\n\t\t\t<div class=\"elementor-widget-wrap elementor-element-populated\">\n\t\t\t\t\t\t<div class=\"elementor-element elementor-element-49b2616 e-transform elementor-invisible elementor-widget elementor-widget-heading\" data-id=\"49b2616\" data-element_type=\"widget\" data-e-type=\"widget\" data-settings=\"{&quot;motion_fx_motion_fx_scrolling&quot;:&quot;yes&quot;,&quot;_animation&quot;:&quot;fadeInLeft&quot;,&quot;motion_fx_devices&quot;:[&quot;desktop&quot;,&quot;tablet&quot;,&quot;mobile&quot;],&quot;_transform_translateX_effect&quot;:{&quot;unit&quot;:&quot;px&quot;,&quot;size&quot;:&quot;&quot;,&quot;sizes&quot;:[]},&quot;_transform_translateX_effect_tablet&quot;:{&quot;unit&quot;:&quot;px&quot;,&quot;size&quot;:&quot;&quot;,&quot;sizes&quot;:[]},&quot;_transform_translateX_effect_mobile&quot;:{&quot;unit&quot;:&quot;px&quot;,&quot;size&quot;:&quot;&quot;,&quot;sizes&quot;:[]},&quot;_transform_translateY_effect&quot;:{&quot;unit&quot;:&quot;px&quot;,&quot;size&quot;:&quot;&quot;,&quot;sizes&quot;:[]},&quot;_transform_translateY_effect_tablet&quot;:{&quot;unit&quot;:&quot;px&quot;,&quot;size&quot;:&quot;&quot;,&quot;sizes&quot;:[]},&quot;_transform_translateY_effect_mobile&quot;:{&quot;unit&quot;:&quot;px&quot;,&quot;size&quot;:&quot;&quot;,&quot;sizes&quot;:[]}}\" data-widget_type=\"heading.default\">\n\t\t\t\t<div class=\"elementor-widget-container\">\n\t\t\t\t\t<h2 class=\"elementor-heading-title elementor-size-medium\">Notre petite histoire<\/h2>\t\t\t\t<\/div>\n\t\t\t\t<\/div>\n\t\t\t\t<div class=\"elementor-element elementor-element-6f6acdc elementor-invisible elementor-widget elementor-widget-text-editor\" data-id=\"6f6acdc\" data-element_type=\"widget\" data-e-type=\"widget\" data-settings=\"{&quot;motion_fx_motion_fx_scrolling&quot;:&quot;yes&quot;,&quot;_animation&quot;:&quot;fadeInRight&quot;,&quot;motion_fx_devices&quot;:[&quot;desktop&quot;,&quot;tablet&quot;,&quot;mobile&quot;]}\" data-widget_type=\"text-editor.default\">\n\t\t\t\t<div class=\"elementor-widget-container\">\n\t\t\t\t\t\t\t\t\t<p style=\"text-align: center;\"><span style=\"color: var( --e-global-color-17cca5e ); letter-spacing: 0px;\">C&rsquo;est de la cr\u00e9ativit\u00e9, coudre les plus<\/span><\/p><p style=\"text-align: center;\">jolie robes femmes pour<\/p><p style=\"text-align: center;\">tous le occasions pour<\/p><p style=\"text-align: center;\">\u00catre toujours une princesse.<\/p>\t\t\t\t\t\t\t\t<\/div>\n\t\t\t\t<\/div>\n\t\t\t\t\t<\/div>\n\t\t<\/div>\n\t\t\t\t\t<\/div>\n\t\t<\/section>\n\t\t\t\t<section class=\"elementor-section elementor-top-section elementor-element elementor-element-e4b5978 elementor-section-boxed elementor-section-height-default elementor-section-height-default\" data-id=\"e4b5978\" data-element_type=\"section\" data-e-type=\"section\">\n\t\t\t\t\t\t<div class=\"elementor-container elementor-column-gap-default\">\n\t\t\t\t\t<div class=\"elementor-column elementor-col-100 elementor-top-column elementor-element elementor-element-b68d2b4\" data-id=\"b68d2b4\" data-element_type=\"column\" data-e-type=\"column\">\n\t\t\t<div class=\"elementor-widget-wrap elementor-element-populated\">\n\t\t\t\t\t\t<div class=\"elementor-element elementor-element-981edb6 elementor-widget elementor-widget-spacer\" data-id=\"981edb6\" data-element_type=\"widget\" data-e-type=\"widget\" data-widget_type=\"spacer.default\">\n\t\t\t\t<div class=\"elementor-widget-container\">\n\t\t\t\t\t\t\t<div class=\"elementor-spacer\">\n\t\t\t<div class=\"elementor-spacer-inner\"><\/div>\n\t\t<\/div>\n\t\t\t\t\t\t<\/div>\n\t\t\t\t<\/div>\n\t\t\t\t\t<\/div>\n\t\t<\/div>\n\t\t\t\t\t<\/div>\n\t\t<\/section>\n\t\t\t\t<section class=\"elementor-section elementor-top-section elementor-element elementor-element-9824d02 elementor-section-boxed elementor-section-height-default elementor-section-height-default\" data-id=\"9824d02\" data-element_type=\"section\" data-e-type=\"section\">\n\t\t\t\t\t\t<div class=\"elementor-container elementor-column-gap-default\">\n\t\t\t\t\t<div class=\"elementor-column elementor-col-100 elementor-top-column elementor-element elementor-element-30d60fa\" data-id=\"30d60fa\" data-element_type=\"column\" data-e-type=\"column\">\n\t\t\t<div class=\"elementor-widget-wrap elementor-element-populated\">\n\t\t\t\t\t\t<div class=\"elementor-element elementor-element-d587bca elementor-widget elementor-widget-spacer\" data-id=\"d587bca\" data-element_type=\"widget\" data-e-type=\"widget\" data-widget_type=\"spacer.default\">\n\t\t\t\t<div class=\"elementor-widget-container\">\n\t\t\t\t\t\t\t<div class=\"elementor-spacer\">\n\t\t\t<div class=\"elementor-spacer-inner\"><\/div>\n\t\t<\/div>\n\t\t\t\t\t\t<\/div>\n\t\t\t\t<\/div>\n\t\t\t\t\t<\/div>\n\t\t<\/div>\n\t\t\t\t\t<\/div>\n\t\t<\/section>\n\t\t\t\t<section class=\"elementor-section elementor-top-section elementor-element elementor-element-e6ae465 elementor-section-boxed elementor-section-height-default elementor-section-height-default\" data-id=\"e6ae465\" data-element_type=\"section\" data-e-type=\"section\">\n\t\t\t\t\t\t<div class=\"elementor-container elementor-column-gap-default\">\n\t\t\t\t\t<div class=\"elementor-column elementor-col-50 elementor-top-column elementor-element elementor-element-fc2c2d0\" data-id=\"fc2c2d0\" data-element_type=\"column\" data-e-type=\"column\">\n\t\t\t<div class=\"elementor-widget-wrap elementor-element-populated\">\n\t\t\t\t\t\t<div class=\"elementor-element elementor-element-db7d9eb elementor-invisible elementor-widget elementor-widget-heading\" data-id=\"db7d9eb\" data-element_type=\"widget\" data-e-type=\"widget\" data-settings=\"{&quot;_animation&quot;:&quot;fadeInLeft&quot;}\" data-widget_type=\"heading.default\">\n\t\t\t\t<div class=\"elementor-widget-container\">\n\t\t\t\t\t<h2 class=\"elementor-heading-title elementor-size-default\">Avez-vous penser \u00e0 cr\u00e9er votre model de robe?<\/h2>\t\t\t\t<\/div>\n\t\t\t\t<\/div>\n\t\t\t\t\t<\/div>\n\t\t<\/div>\n\t\t\t\t<div class=\"elementor-column elementor-col-50 elementor-top-column elementor-element elementor-element-41ce1c0\" data-id=\"41ce1c0\" data-element_type=\"column\" data-e-type=\"column\">\n\t\t\t<div class=\"elementor-widget-wrap elementor-element-populated\">\n\t\t\t\t\t\t<div class=\"elementor-element elementor-element-a60d521 animated-slow elementor-invisible elementor-widget elementor-widget-image\" data-id=\"a60d521\" data-element_type=\"widget\" data-e-type=\"widget\" data-settings=\"{&quot;_animation&quot;:&quot;fadeInRight&quot;}\" data-widget_type=\"image.default\">\n\t\t\t\t<div class=\"elementor-widget-container\">\n\t\t\t\t\t\t\t\t\t\t\t\t\t\t\t\t<a href=\"https:\/\/camille-aspe.fr\/Imane\/creer-votre-model\/\">\n\t\t\t\t\t\t\t<img decoding=\"async\" src=\"https:\/\/camille-aspe.fr\/Imane\/wp-content\/uploads\/2023\/02\/pexels-pnw-production-8489920-scaled.jpg\" title=\"pexels-pnw-production-8489920\" alt=\"pexels-pnw-production-8489920\" loading=\"lazy\" \/>\t\t\t\t\t\t\t\t<\/a>\n\t\t\t\t\t\t\t\t\t\t\t\t\t\t\t<\/div>\n\t\t\t\t<\/div>\n\t\t\t\t\t<\/div>\n\t\t<\/div>\n\t\t\t\t\t<\/div>\n\t\t<\/section>\n\t\t\t\t<section class=\"elementor-section elementor-top-section elementor-element elementor-element-84d3272 elementor-section-boxed elementor-section-height-default elementor-section-height-default\" data-id=\"84d3272\" data-element_type=\"section\" data-e-type=\"section\">\n\t\t\t\t\t\t<div class=\"elementor-container elementor-column-gap-default\">\n\t\t\t\t\t<div class=\"elementor-column elementor-col-100 elementor-top-column elementor-element elementor-element-e587257\" data-id=\"e587257\" data-element_type=\"column\" data-e-type=\"column\">\n\t\t\t<div class=\"elementor-widget-wrap elementor-element-populated\">\n\t\t\t\t\t\t<div class=\"elementor-element elementor-element-93b35f1 elementor-align-left elementor-widget elementor-widget-button\" data-id=\"93b35f1\" data-element_type=\"widget\" data-e-type=\"widget\" data-widget_type=\"button.default\">\n\t\t\t\t<div class=\"elementor-widget-container\">\n\t\t\t\t\t\t\t\t\t<div class=\"elementor-button-wrapper\">\n\t\t\t\t\t<a class=\"elementor-button elementor-button-link elementor-size-sm elementor-animation-push\" href=\"https:\/\/camille-aspe.fr\/Imane\/creer-votre-model\/\">\n\t\t\t\t\t\t<span class=\"elementor-button-content-wrapper\">\n\t\t\t\t\t\t\t\t\t<span class=\"elementor-button-text\">cr\u00e9er le maintenant<\/span>\n\t\t\t\t\t<\/span>\n\t\t\t\t\t<\/a>\n\t\t\t\t<\/div>\n\t\t\t\t\t\t\t\t<\/div>\n\t\t\t\t<\/div>\n\t\t\t\t\t<\/div>\n\t\t<\/div>\n\t\t\t\t\t<\/div>\n\t\t<\/section>\n\t\t\t\t<section class=\"elementor-section elementor-top-section elementor-element elementor-element-2407f01 elementor-section-boxed elementor-section-height-default elementor-section-height-default\" data-id=\"2407f01\" data-element_type=\"section\" data-e-type=\"section\">\n\t\t\t\t\t\t<div class=\"elementor-container elementor-column-gap-default\">\n\t\t\t\t\t<div class=\"elementor-column elementor-col-100 elementor-top-column elementor-element elementor-element-a38674b\" data-id=\"a38674b\" data-element_type=\"column\" data-e-type=\"column\">\n\t\t\t<div class=\"elementor-widget-wrap elementor-element-populated\">\n\t\t\t\t\t\t<div class=\"elementor-element elementor-element-ff09ab0 elementor-widget elementor-widget-text-editor\" data-id=\"ff09ab0\" data-element_type=\"widget\" data-e-type=\"widget\" data-widget_type=\"text-editor.default\">\n\t\t\t\t<div class=\"elementor-widget-container\">\n\t\t\t\t\t\t\t\t\t<p>Essayer de cr\u00e9er votre mod\u00e8le de robe<\/p><p>en quelques \u00e9tapes simples.<\/p>\t\t\t\t\t\t\t\t<\/div>\n\t\t\t\t<\/div>\n\t\t\t\t\t<\/div>\n\t\t<\/div>\n\t\t\t\t\t<\/div>\n\t\t<\/section>\n\t\t\t\t<section class=\"elementor-section elementor-top-section elementor-element elementor-element-b189f5b elementor-section-boxed elementor-section-height-default elementor-section-height-default\" data-id=\"b189f5b\" data-element_type=\"section\" data-e-type=\"section\">\n\t\t\t\t\t\t<div class=\"elementor-container elementor-column-gap-default\">\n\t\t\t\t\t<div class=\"elementor-column elementor-col-100 elementor-top-column elementor-element elementor-element-6c4c3bc\" data-id=\"6c4c3bc\" data-element_type=\"column\" data-e-type=\"column\">\n\t\t\t<div class=\"elementor-widget-wrap elementor-element-populated\">\n\t\t\t\t\t\t<div class=\"elementor-element elementor-element-df8d651 elementor-widget elementor-widget-spacer\" data-id=\"df8d651\" data-element_type=\"widget\" data-e-type=\"widget\" data-widget_type=\"spacer.default\">\n\t\t\t\t<div class=\"elementor-widget-container\">\n\t\t\t\t\t\t\t<div class=\"elementor-spacer\">\n\t\t\t<div class=\"elementor-spacer-inner\"><\/div>\n\t\t<\/div>\n\t\t\t\t\t\t<\/div>\n\t\t\t\t<\/div>\n\t\t\t\t\t<\/div>\n\t\t<\/div>\n\t\t\t\t\t<\/div>\n\t\t<\/section>\n\t\t\t\t<\/div>\n\t\t","protected":false},"excerpt":{"rendered":"<p>Notre petite histoire C&rsquo;est de la cr\u00e9ativit\u00e9, coudre les plus jolie robes femmes pour tous le occasions pour \u00catre toujours une princesse. Avez-vous penser \u00e0 cr\u00e9er votre model de robe? cr\u00e9er le maintenant Essayer de cr\u00e9er votre mod\u00e8le de robe en quelques \u00e9tapes simples.<\/p>\n","protected":false},"author":1,"featured_media":0,"parent":0,"menu_order":0,"comment_status":"closed","ping_status":"closed","template":"elementor_header_footer","meta":{"footnotes":""},"class_list":["post-8","page","type-page","status-publish","hentry"],"yoast_head":"<!-- This site is optimized with the Yoast SEO plugin v27.3 - https:\/\/yoast.com\/product\/yoast-seo-wordpress\/ -->\n<title>Accueil - ia dress<\/title>\n<meta name=\"robots\" content=\"index, follow, max-snippet:-1, max-image-preview:large, max-video-preview:-1\" \/>\n<link rel=\"canonical\" href=\"https:\/\/camille-aspe.fr\/Imane\/\" \/>\n<meta property=\"og:locale\" content=\"fr_FR\" \/>\n<meta property=\"og:type\" content=\"article\" \/>\n<meta property=\"og:title\" content=\"Accueil - ia dress\" \/>\n<meta property=\"og:description\" content=\"Notre petite histoire C&rsquo;est de la cr\u00e9ativit\u00e9, coudre les plus jolie robes femmes pour tous le occasions pour \u00catre toujours une princesse. Avez-vous penser \u00e0 cr\u00e9er votre model de robe? cr\u00e9er le maintenant Essayer de cr\u00e9er votre mod\u00e8le de robe en quelques \u00e9tapes simples.\" \/>\n<meta property=\"og:url\" content=\"https:\/\/camille-aspe.fr\/Imane\/\" \/>\n<meta property=\"og:site_name\" content=\"ia dress\" \/>\n<meta property=\"article:modified_time\" content=\"2023-03-10T08:33:32+00:00\" \/>\n<meta property=\"og:image\" content=\"http:\/\/camille-aspe.fr\/Imane\/wp-content\/uploads\/2022\/11\/filipp-romanovski-8k1xDc3Or4Q-unsplash.jpg\" \/>\n<meta name=\"twitter:card\" content=\"summary_large_image\" \/>\n<meta name=\"twitter:label1\" content=\"Dur\u00e9e de lecture estim\u00e9e\" \/>\n\t<meta name=\"twitter:data1\" content=\"1 minute\" \/>\n<script type=\"application\/ld+json\" class=\"yoast-schema-graph\">{\"@context\":\"https:\\\/\\\/schema.org\",\"@graph\":[{\"@type\":\"WebPage\",\"@id\":\"https:\\\/\\\/camille-aspe.fr\\\/Imane\\\/\",\"url\":\"https:\\\/\\\/camille-aspe.fr\\\/Imane\\\/\",\"name\":\"Accueil - ia dress\",\"isPartOf\":{\"@id\":\"https:\\\/\\\/camille-aspe.fr\\\/Imane\\\/#website\"},\"primaryImageOfPage\":{\"@id\":\"https:\\\/\\\/camille-aspe.fr\\\/Imane\\\/#primaryimage\"},\"image\":{\"@id\":\"https:\\\/\\\/camille-aspe.fr\\\/Imane\\\/#primaryimage\"},\"thumbnailUrl\":\"http:\\\/\\\/camille-aspe.fr\\\/Imane\\\/wp-content\\\/uploads\\\/2022\\\/11\\\/filipp-romanovski-8k1xDc3Or4Q-unsplash.jpg\",\"datePublished\":\"2022-11-21T14:10:33+00:00\",\"dateModified\":\"2023-03-10T08:33:32+00:00\",\"breadcrumb\":{\"@id\":\"https:\\\/\\\/camille-aspe.fr\\\/Imane\\\/#breadcrumb\"},\"inLanguage\":\"fr-FR\",\"potentialAction\":[{\"@type\":\"ReadAction\",\"target\":[\"https:\\\/\\\/camille-aspe.fr\\\/Imane\\\/\"]}]},{\"@type\":\"ImageObject\",\"inLanguage\":\"fr-FR\",\"@id\":\"https:\\\/\\\/camille-aspe.fr\\\/Imane\\\/#primaryimage\",\"url\":\"https:\\\/\\\/camille-aspe.fr\\\/Imane\\\/wp-content\\\/uploads\\\/2022\\\/11\\\/filipp-romanovski-8k1xDc3Or4Q-unsplash.jpg\",\"contentUrl\":\"https:\\\/\\\/camille-aspe.fr\\\/Imane\\\/wp-content\\\/uploads\\\/2022\\\/11\\\/filipp-romanovski-8k1xDc3Or4Q-unsplash.jpg\"},{\"@type\":\"BreadcrumbList\",\"@id\":\"https:\\\/\\\/camille-aspe.fr\\\/Imane\\\/#breadcrumb\",\"itemListElement\":[{\"@type\":\"ListItem\",\"position\":1,\"name\":\"Accueil\",\"item\":\"https:\\\/\\\/camille-aspe.fr\\\/Imane\\\/\"},{\"@type\":\"ListItem\",\"position\":2,\"name\":\"Accueil\"}]},{\"@type\":\"WebSite\",\"@id\":\"https:\\\/\\\/camille-aspe.fr\\\/Imane\\\/#website\",\"url\":\"https:\\\/\\\/camille-aspe.fr\\\/Imane\\\/\",\"name\":\"ia dress\",\"description\":\"feminine unique dress\",\"potentialAction\":[{\"@type\":\"SearchAction\",\"target\":{\"@type\":\"EntryPoint\",\"urlTemplate\":\"https:\\\/\\\/camille-aspe.fr\\\/Imane\\\/?s={search_term_string}\"},\"query-input\":{\"@type\":\"PropertyValueSpecification\",\"valueRequired\":true,\"valueName\":\"search_term_string\"}}],\"inLanguage\":\"fr-FR\"}]}<\/script>\n<!-- \/ Yoast SEO plugin. -->","yoast_head_json":{"title":"Accueil - ia dress","robots":{"index":"index","follow":"follow","max-snippet":"max-snippet:-1","max-image-preview":"max-image-preview:large","max-video-preview":"max-video-preview:-1"},"canonical":"https:\/\/camille-aspe.fr\/Imane\/","og_locale":"fr_FR","og_type":"article","og_title":"Accueil - ia dress","og_description":"Notre petite histoire C&rsquo;est de la cr\u00e9ativit\u00e9, coudre les plus jolie robes femmes pour tous le occasions pour \u00catre toujours une princesse. Avez-vous penser \u00e0 cr\u00e9er votre model de robe? cr\u00e9er le maintenant Essayer de cr\u00e9er votre mod\u00e8le de robe en quelques \u00e9tapes simples.","og_url":"https:\/\/camille-aspe.fr\/Imane\/","og_site_name":"ia dress","article_modified_time":"2023-03-10T08:33:32+00:00","og_image":[{"url":"http:\/\/camille-aspe.fr\/Imane\/wp-content\/uploads\/2022\/11\/filipp-romanovski-8k1xDc3Or4Q-unsplash.jpg","type":"","width":"","height":""}],"twitter_card":"summary_large_image","twitter_misc":{"Dur\u00e9e de lecture estim\u00e9e":"1 minute"},"schema":{"@context":"https:\/\/schema.org","@graph":[{"@type":"WebPage","@id":"https:\/\/camille-aspe.fr\/Imane\/","url":"https:\/\/camille-aspe.fr\/Imane\/","name":"Accueil - ia dress","isPartOf":{"@id":"https:\/\/camille-aspe.fr\/Imane\/#website"},"primaryImageOfPage":{"@id":"https:\/\/camille-aspe.fr\/Imane\/#primaryimage"},"image":{"@id":"https:\/\/camille-aspe.fr\/Imane\/#primaryimage"},"thumbnailUrl":"http:\/\/camille-aspe.fr\/Imane\/wp-content\/uploads\/2022\/11\/filipp-romanovski-8k1xDc3Or4Q-unsplash.jpg","datePublished":"2022-11-21T14:10:33+00:00","dateModified":"2023-03-10T08:33:32+00:00","breadcrumb":{"@id":"https:\/\/camille-aspe.fr\/Imane\/#breadcrumb"},"inLanguage":"fr-FR","potentialAction":[{"@type":"ReadAction","target":["https:\/\/camille-aspe.fr\/Imane\/"]}]},{"@type":"ImageObject","inLanguage":"fr-FR","@id":"https:\/\/camille-aspe.fr\/Imane\/#primaryimage","url":"https:\/\/camille-aspe.fr\/Imane\/wp-content\/uploads\/2022\/11\/filipp-romanovski-8k1xDc3Or4Q-unsplash.jpg","contentUrl":"https:\/\/camille-aspe.fr\/Imane\/wp-content\/uploads\/2022\/11\/filipp-romanovski-8k1xDc3Or4Q-unsplash.jpg"},{"@type":"BreadcrumbList","@id":"https:\/\/camille-aspe.fr\/Imane\/#breadcrumb","itemListElement":[{"@type":"ListItem","position":1,"name":"Accueil","item":"https:\/\/camille-aspe.fr\/Imane\/"},{"@type":"ListItem","position":2,"name":"Accueil"}]},{"@type":"WebSite","@id":"https:\/\/camille-aspe.fr\/Imane\/#website","url":"https:\/\/camille-aspe.fr\/Imane\/","name":"ia dress","description":"feminine unique dress","potentialAction":[{"@type":"SearchAction","target":{"@type":"EntryPoint","urlTemplate":"https:\/\/camille-aspe.fr\/Imane\/?s={search_term_string}"},"query-input":{"@type":"PropertyValueSpecification","valueRequired":true,"valueName":"search_term_string"}}],"inLanguage":"fr-FR"}]}},"_links":{"self":[{"href":"https:\/\/camille-aspe.fr\/Imane\/wp-json\/wp\/v2\/pages\/8","targetHints":{"allow":["GET"]}}],"collection":[{"href":"https:\/\/camille-aspe.fr\/Imane\/wp-json\/wp\/v2\/pages"}],"about":[{"href":"https:\/\/camille-aspe.fr\/Imane\/wp-json\/wp\/v2\/types\/page"}],"author":[{"embeddable":true,"href":"https:\/\/camille-aspe.fr\/Imane\/wp-json\/wp\/v2\/users\/1"}],"replies":[{"embeddable":true,"href":"https:\/\/camille-aspe.fr\/Imane\/wp-json\/wp\/v2\/comments?post=8"}],"version-history":[{"count":217,"href":"https:\/\/camille-aspe.fr\/Imane\/wp-json\/wp\/v2\/pages\/8\/revisions"}],"predecessor-version":[{"id":1333,"href":"https:\/\/camille-aspe.fr\/Imane\/wp-json\/wp\/v2\/pages\/8\/revisions\/1333"}],"wp:attachment":[{"href":"https:\/\/camille-aspe.fr\/Imane\/wp-json\/wp\/v2\/media?parent=8"}],"curies":[{"name":"wp","href":"https:\/\/api.w.org\/{rel}","templated":true}]}}