{"id":851,"date":"2023-03-07T16:36:39","date_gmt":"2023-03-07T15:36:39","guid":{"rendered":"http:\/\/camille-aspe.fr\/Imane\/?page_id=851"},"modified":"2023-03-10T15:38:08","modified_gmt":"2023-03-10T14:38:08","slug":"pret-a-porter","status":"publish","type":"page","link":"https:\/\/camille-aspe.fr\/Imane\/pret-a-porter\/","title":{"rendered":"PR\u00caT \u00c0 PORTER"},"content":{"rendered":"\t\t<div data-elementor-type=\"wp-page\" data-elementor-id=\"851\" class=\"elementor elementor-851\">\n\t\t\t\t\t\t<section class=\"elementor-section elementor-top-section elementor-element elementor-element-9c8de3f elementor-section-boxed elementor-section-height-default elementor-section-height-default\" data-id=\"9c8de3f\" data-element_type=\"section\" data-e-type=\"section\">\n\t\t\t\t\t\t<div class=\"elementor-container elementor-column-gap-default\">\n\t\t\t\t\t<div class=\"elementor-column elementor-col-100 elementor-top-column elementor-element elementor-element-5e1be9c\" data-id=\"5e1be9c\" data-element_type=\"column\" data-e-type=\"column\">\n\t\t\t<div class=\"elementor-widget-wrap elementor-element-populated\">\n\t\t\t\t\t\t<div class=\"elementor-element elementor-element-8f23aa7 elementor-widget elementor-widget-spacer\" data-id=\"8f23aa7\" data-element_type=\"widget\" data-e-type=\"widget\" data-widget_type=\"spacer.default\">\n\t\t\t\t<div class=\"elementor-widget-container\">\n\t\t\t\t\t\t\t<div class=\"elementor-spacer\">\n\t\t\t<div class=\"elementor-spacer-inner\"><\/div>\n\t\t<\/div>\n\t\t\t\t\t\t<\/div>\n\t\t\t\t<\/div>\n\t\t\t\t\t<\/div>\n\t\t<\/div>\n\t\t\t\t\t<\/div>\n\t\t<\/section>\n\t\t\t\t<section class=\"elementor-section elementor-top-section elementor-element elementor-element-363ad91 elementor-section-boxed elementor-section-height-default elementor-section-height-default\" data-id=\"363ad91\" data-element_type=\"section\" data-e-type=\"section\">\n\t\t\t\t\t\t<div class=\"elementor-container elementor-column-gap-default\">\n\t\t\t\t\t<div class=\"elementor-column elementor-col-33 elementor-top-column elementor-element elementor-element-aa0e27d\" data-id=\"aa0e27d\" data-element_type=\"column\" data-e-type=\"column\">\n\t\t\t<div class=\"elementor-widget-wrap elementor-element-populated\">\n\t\t\t\t\t\t<div class=\"elementor-element elementor-element-9106c21 elementor-invisible elementor-widget elementor-widget-image\" data-id=\"9106c21\" data-element_type=\"widget\" data-e-type=\"widget\" data-settings=\"{&quot;_animation&quot;:&quot;pulse&quot;}\" data-widget_type=\"image.default\">\n\t\t\t\t<div class=\"elementor-widget-container\">\n\t\t\t\t\t\t\t\t\t\t\t\t\t\t\t<img fetchpriority=\"high\" decoding=\"async\" width=\"564\" height=\"846\" src=\"https:\/\/camille-aspe.fr\/Imane\/wp-content\/uploads\/2023\/02\/091ed0c42733da0cd73b6165349494f3.jpg\" class=\"attachment-large size-large wp-image-759\" alt=\"\" srcset=\"https:\/\/camille-aspe.fr\/Imane\/wp-content\/uploads\/2023\/02\/091ed0c42733da0cd73b6165349494f3.jpg 564w, https:\/\/camille-aspe.fr\/Imane\/wp-content\/uploads\/2023\/02\/091ed0c42733da0cd73b6165349494f3-200x300.jpg 200w\" sizes=\"(max-width: 564px) 100vw, 564px\" \/>\t\t\t\t\t\t\t\t\t\t\t\t\t\t\t<\/div>\n\t\t\t\t<\/div>\n\t\t\t\t<div class=\"elementor-element elementor-element-85ccc24 elementor-widget elementor-widget-heading\" data-id=\"85ccc24\" data-element_type=\"widget\" data-e-type=\"widget\" data-widget_type=\"heading.default\">\n\t\t\t\t<div class=\"elementor-widget-container\">\n\t\t\t\t\t<h2 class=\"elementor-heading-title elementor-size-default\">MARI\u00c9E<\/h2>\t\t\t\t<\/div>\n\t\t\t\t<\/div>\n\t\t\t\t<div class=\"elementor-element elementor-element-2dcc17a elementor-align-center elementor-widget elementor-widget-button\" data-id=\"2dcc17a\" data-element_type=\"widget\" data-e-type=\"widget\" data-widget_type=\"button.default\">\n\t\t\t\t<div class=\"elementor-widget-container\">\n\t\t\t\t\t\t\t\t\t<div class=\"elementor-button-wrapper\">\n\t\t\t\t\t<a class=\"elementor-button elementor-button-link elementor-size-sm elementor-animation-bob\" href=\"https:\/\/camille-aspe.fr\/Imane\/robe-de-mariee\/\">\n\t\t\t\t\t\t<span class=\"elementor-button-content-wrapper\">\n\t\t\t\t\t\t\t\t\t<span class=\"elementor-button-text\">VOIR PLUS <\/span>\n\t\t\t\t\t<\/span>\n\t\t\t\t\t<\/a>\n\t\t\t\t<\/div>\n\t\t\t\t\t\t\t\t<\/div>\n\t\t\t\t<\/div>\n\t\t\t\t\t<\/div>\n\t\t<\/div>\n\t\t\t\t<div class=\"elementor-column elementor-col-33 elementor-top-column elementor-element elementor-element-86825f7\" data-id=\"86825f7\" data-element_type=\"column\" data-e-type=\"column\">\n\t\t\t<div class=\"elementor-widget-wrap elementor-element-populated\">\n\t\t\t\t\t\t<div class=\"elementor-element elementor-element-e0cdcda elementor-invisible elementor-widget elementor-widget-image\" data-id=\"e0cdcda\" data-element_type=\"widget\" data-e-type=\"widget\" data-settings=\"{&quot;_animation&quot;:&quot;pulse&quot;}\" data-widget_type=\"image.default\">\n\t\t\t\t<div class=\"elementor-widget-container\">\n\t\t\t\t\t\t\t\t\t\t\t\t\t\t\t<img decoding=\"async\" width=\"460\" height=\"613\" src=\"https:\/\/camille-aspe.fr\/Imane\/wp-content\/uploads\/2023\/02\/d0ee6c764f0c7149af360d3e2741611d.jpg\" class=\"attachment-large size-large wp-image-763\" alt=\"\" srcset=\"https:\/\/camille-aspe.fr\/Imane\/wp-content\/uploads\/2023\/02\/d0ee6c764f0c7149af360d3e2741611d.jpg 460w, https:\/\/camille-aspe.fr\/Imane\/wp-content\/uploads\/2023\/02\/d0ee6c764f0c7149af360d3e2741611d-225x300.jpg 225w\" sizes=\"(max-width: 460px) 100vw, 460px\" \/>\t\t\t\t\t\t\t\t\t\t\t\t\t\t\t<\/div>\n\t\t\t\t<\/div>\n\t\t\t\t<div class=\"elementor-element elementor-element-dc56f84 elementor-widget elementor-widget-heading\" data-id=\"dc56f84\" data-element_type=\"widget\" data-e-type=\"widget\" data-widget_type=\"heading.default\">\n\t\t\t\t<div class=\"elementor-widget-container\">\n\t\t\t\t\t<h2 class=\"elementor-heading-title elementor-size-default\">SOIR\u00c9E<\/h2>\t\t\t\t<\/div>\n\t\t\t\t<\/div>\n\t\t\t\t<div class=\"elementor-element elementor-element-25ce603 elementor-align-center elementor-widget elementor-widget-button\" data-id=\"25ce603\" data-element_type=\"widget\" data-e-type=\"widget\" data-widget_type=\"button.default\">\n\t\t\t\t<div class=\"elementor-widget-container\">\n\t\t\t\t\t\t\t\t\t<div class=\"elementor-button-wrapper\">\n\t\t\t\t\t<a class=\"elementor-button elementor-button-link elementor-size-sm elementor-animation-bob\" href=\"https:\/\/camille-aspe.fr\/Imane\/elementor-346\/\">\n\t\t\t\t\t\t<span class=\"elementor-button-content-wrapper\">\n\t\t\t\t\t\t\t\t\t<span class=\"elementor-button-text\">VOIR PLUS <\/span>\n\t\t\t\t\t<\/span>\n\t\t\t\t\t<\/a>\n\t\t\t\t<\/div>\n\t\t\t\t\t\t\t\t<\/div>\n\t\t\t\t<\/div>\n\t\t\t\t\t<\/div>\n\t\t<\/div>\n\t\t\t\t<div class=\"elementor-column elementor-col-33 elementor-top-column elementor-element elementor-element-08fc474\" data-id=\"08fc474\" data-element_type=\"column\" data-e-type=\"column\">\n\t\t\t<div class=\"elementor-widget-wrap elementor-element-populated\">\n\t\t\t\t\t\t<div class=\"elementor-element elementor-element-07e4248 elementor-invisible elementor-widget elementor-widget-image\" data-id=\"07e4248\" data-element_type=\"widget\" data-e-type=\"widget\" data-settings=\"{&quot;_animation&quot;:&quot;pulse&quot;}\" data-widget_type=\"image.default\">\n\t\t\t\t<div class=\"elementor-widget-container\">\n\t\t\t\t\t\t\t\t\t\t\t\t\t\t\t<img decoding=\"async\" width=\"564\" height=\"752\" src=\"https:\/\/camille-aspe.fr\/Imane\/wp-content\/uploads\/2023\/02\/a6eb62125dfef474aee39aee91333913.jpg\" class=\"attachment-large size-large wp-image-762\" alt=\"\" srcset=\"https:\/\/camille-aspe.fr\/Imane\/wp-content\/uploads\/2023\/02\/a6eb62125dfef474aee39aee91333913.jpg 564w, https:\/\/camille-aspe.fr\/Imane\/wp-content\/uploads\/2023\/02\/a6eb62125dfef474aee39aee91333913-225x300.jpg 225w\" sizes=\"(max-width: 564px) 100vw, 564px\" \/>\t\t\t\t\t\t\t\t\t\t\t\t\t\t\t<\/div>\n\t\t\t\t<\/div>\n\t\t\t\t<div class=\"elementor-element elementor-element-f564504 elementor-widget elementor-widget-heading\" data-id=\"f564504\" data-element_type=\"widget\" data-e-type=\"widget\" data-widget_type=\"heading.default\">\n\t\t\t\t<div class=\"elementor-widget-container\">\n\t\t\t\t\t<h2 class=\"elementor-heading-title elementor-size-default\">PROFESSIONNELLE<\/h2>\t\t\t\t<\/div>\n\t\t\t\t<\/div>\n\t\t\t\t<div class=\"elementor-element elementor-element-63595dc elementor-align-center elementor-widget elementor-widget-button\" data-id=\"63595dc\" data-element_type=\"widget\" data-e-type=\"widget\" data-widget_type=\"button.default\">\n\t\t\t\t<div class=\"elementor-widget-container\">\n\t\t\t\t\t\t\t\t\t<div class=\"elementor-button-wrapper\">\n\t\t\t\t\t<a class=\"elementor-button elementor-button-link elementor-size-sm elementor-animation-bob\" href=\"https:\/\/camille-aspe.fr\/Imane\/elementor-346\/\">\n\t\t\t\t\t\t<span class=\"elementor-button-content-wrapper\">\n\t\t\t\t\t\t\t\t\t<span class=\"elementor-button-text\">VOIR PLUS <\/span>\n\t\t\t\t\t<\/span>\n\t\t\t\t\t<\/a>\n\t\t\t\t<\/div>\n\t\t\t\t\t\t\t\t<\/div>\n\t\t\t\t<\/div>\n\t\t\t\t\t<\/div>\n\t\t<\/div>\n\t\t\t\t\t<\/div>\n\t\t<\/section>\n\t\t\t\t<section class=\"elementor-section elementor-top-section elementor-element elementor-element-bd47252 elementor-section-boxed elementor-section-height-default elementor-section-height-default\" data-id=\"bd47252\" data-element_type=\"section\" data-e-type=\"section\">\n\t\t\t\t\t\t<div class=\"elementor-container elementor-column-gap-default\">\n\t\t\t\t\t<div class=\"elementor-column elementor-col-100 elementor-top-column elementor-element elementor-element-0b943db\" data-id=\"0b943db\" data-element_type=\"column\" data-e-type=\"column\">\n\t\t\t<div class=\"elementor-widget-wrap elementor-element-populated\">\n\t\t\t\t\t\t<div class=\"elementor-element elementor-element-28fcffe elementor-widget elementor-widget-spacer\" data-id=\"28fcffe\" data-element_type=\"widget\" data-e-type=\"widget\" data-widget_type=\"spacer.default\">\n\t\t\t\t<div class=\"elementor-widget-container\">\n\t\t\t\t\t\t\t<div class=\"elementor-spacer\">\n\t\t\t<div class=\"elementor-spacer-inner\"><\/div>\n\t\t<\/div>\n\t\t\t\t\t\t<\/div>\n\t\t\t\t<\/div>\n\t\t\t\t\t<\/div>\n\t\t<\/div>\n\t\t\t\t\t<\/div>\n\t\t<\/section>\n\t\t\t\t<\/div>\n\t\t","protected":false},"excerpt":{"rendered":"<p>MARI\u00c9E VOIR PLUS SOIR\u00c9E VOIR PLUS PROFESSIONNELLE VOIR PLUS<\/p>\n","protected":false},"author":1,"featured_media":0,"parent":0,"menu_order":0,"comment_status":"closed","ping_status":"closed","template":"elementor_header_footer","meta":{"footnotes":""},"class_list":["post-851","page","type-page","status-publish","hentry"],"yoast_head":"<!-- This site is optimized with the Yoast SEO plugin v27.3 - https:\/\/yoast.com\/product\/yoast-seo-wordpress\/ -->\n<title>PR\u00caT \u00c0 PORTER - ia dress<\/title>\n<meta name=\"robots\" content=\"index, follow, max-snippet:-1, max-image-preview:large, max-video-preview:-1\" \/>\n<link rel=\"canonical\" href=\"https:\/\/camille-aspe.fr\/Imane\/pret-a-porter\/\" \/>\n<meta property=\"og:locale\" content=\"fr_FR\" \/>\n<meta property=\"og:type\" content=\"article\" \/>\n<meta property=\"og:title\" content=\"PR\u00caT \u00c0 PORTER - ia dress\" \/>\n<meta property=\"og:description\" content=\"MARI\u00c9E VOIR PLUS SOIR\u00c9E VOIR PLUS PROFESSIONNELLE VOIR PLUS\" \/>\n<meta property=\"og:url\" content=\"https:\/\/camille-aspe.fr\/Imane\/pret-a-porter\/\" \/>\n<meta property=\"og:site_name\" content=\"ia dress\" \/>\n<meta property=\"article:modified_time\" content=\"2023-03-10T14:38:08+00:00\" \/>\n<meta property=\"og:image\" content=\"https:\/\/camille-aspe.fr\/Imane\/wp-content\/uploads\/2023\/02\/091ed0c42733da0cd73b6165349494f3.jpg\" \/>\n<meta name=\"twitter:card\" content=\"summary_large_image\" \/>\n<meta name=\"twitter:label1\" content=\"Dur\u00e9e de lecture estim\u00e9e\" \/>\n\t<meta name=\"twitter:data1\" content=\"1 minute\" \/>\n<script type=\"application\/ld+json\" class=\"yoast-schema-graph\">{\"@context\":\"https:\\\/\\\/schema.org\",\"@graph\":[{\"@type\":\"WebPage\",\"@id\":\"https:\\\/\\\/camille-aspe.fr\\\/Imane\\\/pret-a-porter\\\/\",\"url\":\"https:\\\/\\\/camille-aspe.fr\\\/Imane\\\/pret-a-porter\\\/\",\"name\":\"PR\u00caT \u00c0 PORTER - ia dress\",\"isPartOf\":{\"@id\":\"https:\\\/\\\/camille-aspe.fr\\\/Imane\\\/#website\"},\"primaryImageOfPage\":{\"@id\":\"https:\\\/\\\/camille-aspe.fr\\\/Imane\\\/pret-a-porter\\\/#primaryimage\"},\"image\":{\"@id\":\"https:\\\/\\\/camille-aspe.fr\\\/Imane\\\/pret-a-porter\\\/#primaryimage\"},\"thumbnailUrl\":\"https:\\\/\\\/camille-aspe.fr\\\/Imane\\\/wp-content\\\/uploads\\\/2023\\\/02\\\/091ed0c42733da0cd73b6165349494f3.jpg\",\"datePublished\":\"2023-03-07T15:36:39+00:00\",\"dateModified\":\"2023-03-10T14:38:08+00:00\",\"breadcrumb\":{\"@id\":\"https:\\\/\\\/camille-aspe.fr\\\/Imane\\\/pret-a-porter\\\/#breadcrumb\"},\"inLanguage\":\"fr-FR\",\"potentialAction\":[{\"@type\":\"ReadAction\",\"target\":[\"https:\\\/\\\/camille-aspe.fr\\\/Imane\\\/pret-a-porter\\\/\"]}]},{\"@type\":\"ImageObject\",\"inLanguage\":\"fr-FR\",\"@id\":\"https:\\\/\\\/camille-aspe.fr\\\/Imane\\\/pret-a-porter\\\/#primaryimage\",\"url\":\"https:\\\/\\\/camille-aspe.fr\\\/Imane\\\/wp-content\\\/uploads\\\/2023\\\/02\\\/091ed0c42733da0cd73b6165349494f3.jpg\",\"contentUrl\":\"https:\\\/\\\/camille-aspe.fr\\\/Imane\\\/wp-content\\\/uploads\\\/2023\\\/02\\\/091ed0c42733da0cd73b6165349494f3.jpg\",\"width\":564,\"height\":846},{\"@type\":\"BreadcrumbList\",\"@id\":\"https:\\\/\\\/camille-aspe.fr\\\/Imane\\\/pret-a-porter\\\/#breadcrumb\",\"itemListElement\":[{\"@type\":\"ListItem\",\"position\":1,\"name\":\"Accueil\",\"item\":\"https:\\\/\\\/camille-aspe.fr\\\/Imane\\\/\"},{\"@type\":\"ListItem\",\"position\":2,\"name\":\"PR\u00caT \u00c0 PORTER\"}]},{\"@type\":\"WebSite\",\"@id\":\"https:\\\/\\\/camille-aspe.fr\\\/Imane\\\/#website\",\"url\":\"https:\\\/\\\/camille-aspe.fr\\\/Imane\\\/\",\"name\":\"ia dress\",\"description\":\"feminine unique dress\",\"potentialAction\":[{\"@type\":\"SearchAction\",\"target\":{\"@type\":\"EntryPoint\",\"urlTemplate\":\"https:\\\/\\\/camille-aspe.fr\\\/Imane\\\/?s={search_term_string}\"},\"query-input\":{\"@type\":\"PropertyValueSpecification\",\"valueRequired\":true,\"valueName\":\"search_term_string\"}}],\"inLanguage\":\"fr-FR\"}]}<\/script>\n<!-- \/ Yoast SEO plugin. -->","yoast_head_json":{"title":"PR\u00caT \u00c0 PORTER - ia dress","robots":{"index":"index","follow":"follow","max-snippet":"max-snippet:-1","max-image-preview":"max-image-preview:large","max-video-preview":"max-video-preview:-1"},"canonical":"https:\/\/camille-aspe.fr\/Imane\/pret-a-porter\/","og_locale":"fr_FR","og_type":"article","og_title":"PR\u00caT \u00c0 PORTER - ia dress","og_description":"MARI\u00c9E VOIR PLUS SOIR\u00c9E VOIR PLUS PROFESSIONNELLE VOIR PLUS","og_url":"https:\/\/camille-aspe.fr\/Imane\/pret-a-porter\/","og_site_name":"ia dress","article_modified_time":"2023-03-10T14:38:08+00:00","og_image":[{"url":"https:\/\/camille-aspe.fr\/Imane\/wp-content\/uploads\/2023\/02\/091ed0c42733da0cd73b6165349494f3.jpg","type":"","width":"","height":""}],"twitter_card":"summary_large_image","twitter_misc":{"Dur\u00e9e de lecture estim\u00e9e":"1 minute"},"schema":{"@context":"https:\/\/schema.org","@graph":[{"@type":"WebPage","@id":"https:\/\/camille-aspe.fr\/Imane\/pret-a-porter\/","url":"https:\/\/camille-aspe.fr\/Imane\/pret-a-porter\/","name":"PR\u00caT \u00c0 PORTER - ia dress","isPartOf":{"@id":"https:\/\/camille-aspe.fr\/Imane\/#website"},"primaryImageOfPage":{"@id":"https:\/\/camille-aspe.fr\/Imane\/pret-a-porter\/#primaryimage"},"image":{"@id":"https:\/\/camille-aspe.fr\/Imane\/pret-a-porter\/#primaryimage"},"thumbnailUrl":"https:\/\/camille-aspe.fr\/Imane\/wp-content\/uploads\/2023\/02\/091ed0c42733da0cd73b6165349494f3.jpg","datePublished":"2023-03-07T15:36:39+00:00","dateModified":"2023-03-10T14:38:08+00:00","breadcrumb":{"@id":"https:\/\/camille-aspe.fr\/Imane\/pret-a-porter\/#breadcrumb"},"inLanguage":"fr-FR","potentialAction":[{"@type":"ReadAction","target":["https:\/\/camille-aspe.fr\/Imane\/pret-a-porter\/"]}]},{"@type":"ImageObject","inLanguage":"fr-FR","@id":"https:\/\/camille-aspe.fr\/Imane\/pret-a-porter\/#primaryimage","url":"https:\/\/camille-aspe.fr\/Imane\/wp-content\/uploads\/2023\/02\/091ed0c42733da0cd73b6165349494f3.jpg","contentUrl":"https:\/\/camille-aspe.fr\/Imane\/wp-content\/uploads\/2023\/02\/091ed0c42733da0cd73b6165349494f3.jpg","width":564,"height":846},{"@type":"BreadcrumbList","@id":"https:\/\/camille-aspe.fr\/Imane\/pret-a-porter\/#breadcrumb","itemListElement":[{"@type":"ListItem","position":1,"name":"Accueil","item":"https:\/\/camille-aspe.fr\/Imane\/"},{"@type":"ListItem","position":2,"name":"PR\u00caT \u00c0 PORTER"}]},{"@type":"WebSite","@id":"https:\/\/camille-aspe.fr\/Imane\/#website","url":"https:\/\/camille-aspe.fr\/Imane\/","name":"ia dress","description":"feminine unique dress","potentialAction":[{"@type":"SearchAction","target":{"@type":"EntryPoint","urlTemplate":"https:\/\/camille-aspe.fr\/Imane\/?s={search_term_string}"},"query-input":{"@type":"PropertyValueSpecification","valueRequired":true,"valueName":"search_term_string"}}],"inLanguage":"fr-FR"}]}},"_links":{"self":[{"href":"https:\/\/camille-aspe.fr\/Imane\/wp-json\/wp\/v2\/pages\/851","targetHints":{"allow":["GET"]}}],"collection":[{"href":"https:\/\/camille-aspe.fr\/Imane\/wp-json\/wp\/v2\/pages"}],"about":[{"href":"https:\/\/camille-aspe.fr\/Imane\/wp-json\/wp\/v2\/types\/page"}],"author":[{"embeddable":true,"href":"https:\/\/camille-aspe.fr\/Imane\/wp-json\/wp\/v2\/users\/1"}],"replies":[{"embeddable":true,"href":"https:\/\/camille-aspe.fr\/Imane\/wp-json\/wp\/v2\/comments?post=851"}],"version-history":[{"count":32,"href":"https:\/\/camille-aspe.fr\/Imane\/wp-json\/wp\/v2\/pages\/851\/revisions"}],"predecessor-version":[{"id":1418,"href":"https:\/\/camille-aspe.fr\/Imane\/wp-json\/wp\/v2\/pages\/851\/revisions\/1418"}],"wp:attachment":[{"href":"https:\/\/camille-aspe.fr\/Imane\/wp-json\/wp\/v2\/media?parent=851"}],"curies":[{"name":"wp","href":"https:\/\/api.w.org\/{rel}","templated":true}]}}